{"id":17851,"date":"2024-12-26T10:57:20","date_gmt":"2024-12-26T10:57:20","guid":{"rendered":"https:\/\/kontrolotomasyon.com\/?post_type=product&#038;p=17851"},"modified":"2024-12-26T10:58:26","modified_gmt":"2024-12-26T10:58:26","slug":"wirelesshart-fieldgate-swg70","status":"publish","type":"product","link":"https:\/\/www.xontrols.it\/index.php\/urun\/wirelesshart-fieldgate-swg70\/","title":{"rendered":"WirelessHART Fieldgate SWG70"},"content":{"rendered":"","protected":false},"excerpt":{"rendered":"<div class=\"wrapper clearfix\">\n<div class=\"d3-d12\">\n<div class=\"wrapper clearfix\">\n<div class=\"d3-d12\">\n<p class=\"eh-upid-header--headline eh-headline-02\"><strong>WirelessHART Fieldgate SWG70 <\/strong>\u00fcr\u00fcn\u00fcn\u00fc sat\u0131n almak i\u00e7in Teklif \u0130ste butonuna t\u0131klaman\u0131z yeterli.<\/p>\n<\/div>\n<\/div>\n<\/div>\n<\/div>\n<p>Di\u011fer Emerson \u00dcr\u00fcn modellerimize a\u015fa\u011f\u0131daki listeden g\u00f6z atabilirsiniz.<br \/>\nArad\u0131\u011f\u0131n\u0131z \u00fcr\u00fcn kodu listemizde yok mu? Sorun de\u011fil.<br \/>\n\u0130htiyac\u0131n\u0131z olan \u00fcr\u00fcn kodunu bize iletin en k\u0131sa s\u00fcrede sizin i\u00e7in bulal\u0131m.<\/p>\n<p>Sat\u0131n almak istedi\u011finiz \u00fcr\u00fcnler i\u00e7in <a href=\"https:\/\/kontrolotomasyon.com\/index.php\/talep-olustur\/\"><strong>Talep Olu\u015ftur<\/strong><\/a> butonuna t\u0131klayabilir, <strong><a href=\"info@kontrolotomasyon.com\">info@kontrolotomasyon.com<\/a><\/strong> adresimize elektronik posta g\u00f6nderebilir, <strong><a href=\"https:\/\/wa.me\/905510513606\">Whatsapp Destek Hatt\u0131m\u0131z<\/a><\/strong> \u00fczerinden bizimle ileti\u015fime ge\u00e7ebilir ya da<strong> <a href=\"tel:905510513606\">+90 551 051 36 06<\/a><\/strong> numaradan bize ula\u015fabilirsiniz.<\/p>\n","protected":false},"featured_media":17852,"comment_status":"closed","ping_status":"closed","template":"","meta":[],"product_brand":[],"product_cat":[597],"product_tag":[598,792],"class_list":{"0":"post-17851","1":"product","2":"type-product","3":"status-publish","4":"has-post-thumbnail","6":"product_cat-eh","7":"product_tag-eh","8":"product_tag-wirelesshart-fieldgate-swg70","10":"first","11":"instock","12":"shipping-taxable","13":"product-type-simple"},"aioseo_notices":[],"_links":{"self":[{"href":"https:\/\/www.xontrols.it\/index.php\/wp-json\/wp\/v2\/product\/17851","targetHints":{"allow":["GET"]}}],"collection":[{"href":"https:\/\/www.xontrols.it\/index.php\/wp-json\/wp\/v2\/product"}],"about":[{"href":"https:\/\/www.xontrols.it\/index.php\/wp-json\/wp\/v2\/types\/product"}],"replies":[{"embeddable":true,"href":"https:\/\/www.xontrols.it\/index.php\/wp-json\/wp\/v2\/comments?post=17851"}],"version-history":[{"count":1,"href":"https:\/\/www.xontrols.it\/index.php\/wp-json\/wp\/v2\/product\/17851\/revisions"}],"predecessor-version":[{"id":17853,"href":"https:\/\/www.xontrols.it\/index.php\/wp-json\/wp\/v2\/product\/17851\/revisions\/17853"}],"wp:featuredmedia":[{"embeddable":true,"href":"https:\/\/www.xontrols.it\/index.php\/wp-json\/wp\/v2\/media\/17852"}],"wp:attachment":[{"href":"https:\/\/www.xontrols.it\/index.php\/wp-json\/wp\/v2\/media?parent=17851"}],"wp:term":[{"taxonomy":"product_brand","embeddable":true,"href":"https:\/\/www.xontrols.it\/index.php\/wp-json\/wp\/v2\/product_brand?post=17851"},{"taxonomy":"product_cat","embeddable":true,"href":"https:\/\/www.xontrols.it\/index.php\/wp-json\/wp\/v2\/product_cat?post=17851"},{"taxonomy":"product_tag","embeddable":true,"href":"https:\/\/www.xontrols.it\/index.php\/wp-json\/wp\/v2\/product_tag?post=17851"}],"curies":[{"name":"wp","href":"https:\/\/api.w.org\/{rel}","templated":true}]}}