{"id":20301,"date":"2025-02-12T17:36:44","date_gmt":"2025-02-12T17:36:44","guid":{"rendered":"https:\/\/kontrolotomasyon.com\/?post_type=product&#038;p=20301"},"modified":"2025-02-12T17:37:52","modified_gmt":"2025-02-12T17:37:52","slug":"rosemount-1066-tek-kanalli-transmitter","status":"publish","type":"product","link":"https:\/\/www.xontrols.it\/index.php\/urun\/rosemount-1066-tek-kanalli-transmitter\/","title":{"rendered":"Rosemount\u2122 1066 Tek Kanall\u0131 Transmitter"},"content":{"rendered":"","protected":false},"excerpt":{"rendered":"<div class=\"wrapper clearfix\">\n<div class=\"d3-d12\">\n<div class=\"wrapper clearfix\">\n<div class=\"d3-d12\">\n<p class=\"product-name\" role=\"heading\" aria-level=\"1\"><strong>Rosemount\u2122 1066 Tek Kanall\u0131 Transmitter<\/strong>\u00a0\u00fcr\u00fcn\u00fcn\u00fc sat\u0131n almak i\u00e7in Teklif \u0130ste butonuna t\u0131klaman\u0131z yeterli.<\/p>\n<\/div>\n<\/div>\n<\/div>\n<\/div>\n<p>Di\u011fer Emerson \u00dcr\u00fcn modellerimize a\u015fa\u011f\u0131daki listeden g\u00f6z atabilirsiniz.<br \/>\nArad\u0131\u011f\u0131n\u0131z \u00fcr\u00fcn kodu listemizde yok mu? Sorun de\u011fil.<br \/>\n\u0130htiyac\u0131n\u0131z olan \u00fcr\u00fcn kodunu bize iletin en k\u0131sa s\u00fcrede sizin i\u00e7in bulal\u0131m.<\/p>\n<p>Sat\u0131n almak istedi\u011finiz \u00fcr\u00fcnler i\u00e7in <a href=\"https:\/\/kontrolotomasyon.com\/index.php\/talep-olustur\/\"><strong>Talep Olu\u015ftur<\/strong><\/a> butonuna t\u0131klayabilir, <strong><a href=\"info@kontrolotomasyon.com\">info@kontrolotomasyon.com<\/a><\/strong> adresimize elektronik posta g\u00f6nderebilir, <strong><a href=\"https:\/\/wa.me\/905510513606\">Whatsapp Destek Hatt\u0131m\u0131z<\/a><\/strong> \u00fczerinden bizimle ileti\u015fime ge\u00e7ebilir ya da<strong> <a href=\"tel:905510513606\">+90 551 051 36 06<\/a><\/strong> numaradan bize ula\u015fabilirsiniz.<\/p>\n","protected":false},"featured_media":20302,"comment_status":"closed","ping_status":"closed","template":"","meta":[],"product_brand":[],"product_cat":[20],"product_tag":[259,1612],"class_list":{"0":"post-20301","1":"product","2":"type-product","3":"status-publish","4":"has-post-thumbnail","6":"product_cat-emerson","7":"product_tag-emerson","8":"product_tag-rosemount-1066-tek-kanalli-transmitter","10":"first","11":"instock","12":"shipping-taxable","13":"product-type-simple"},"aioseo_notices":[],"_links":{"self":[{"href":"https:\/\/www.xontrols.it\/index.php\/wp-json\/wp\/v2\/product\/20301","targetHints":{"allow":["GET"]}}],"collection":[{"href":"https:\/\/www.xontrols.it\/index.php\/wp-json\/wp\/v2\/product"}],"about":[{"href":"https:\/\/www.xontrols.it\/index.php\/wp-json\/wp\/v2\/types\/product"}],"replies":[{"embeddable":true,"href":"https:\/\/www.xontrols.it\/index.php\/wp-json\/wp\/v2\/comments?post=20301"}],"version-history":[{"count":1,"href":"https:\/\/www.xontrols.it\/index.php\/wp-json\/wp\/v2\/product\/20301\/revisions"}],"predecessor-version":[{"id":20303,"href":"https:\/\/www.xontrols.it\/index.php\/wp-json\/wp\/v2\/product\/20301\/revisions\/20303"}],"wp:featuredmedia":[{"embeddable":true,"href":"https:\/\/www.xontrols.it\/index.php\/wp-json\/wp\/v2\/media\/20302"}],"wp:attachment":[{"href":"https:\/\/www.xontrols.it\/index.php\/wp-json\/wp\/v2\/media?parent=20301"}],"wp:term":[{"taxonomy":"product_brand","embeddable":true,"href":"https:\/\/www.xontrols.it\/index.php\/wp-json\/wp\/v2\/product_brand?post=20301"},{"taxonomy":"product_cat","embeddable":true,"href":"https:\/\/www.xontrols.it\/index.php\/wp-json\/wp\/v2\/product_cat?post=20301"},{"taxonomy":"product_tag","embeddable":true,"href":"https:\/\/www.xontrols.it\/index.php\/wp-json\/wp\/v2\/product_tag?post=20301"}],"curies":[{"name":"wp","href":"https:\/\/api.w.org\/{rel}","templated":true}]}}